{"id":3518,"date":"2023-11-09T14:40:19","date_gmt":"2023-11-09T13:40:19","guid":{"rendered":"https:\/\/pulse-beziers.fr\/?page_id=3518"},"modified":"2024-12-02T09:48:52","modified_gmt":"2024-12-02T08:48:52","slug":"mentions-legales","status":"publish","type":"page","link":"https:\/\/pulse-beziers.fr\/index.php\/mentions-legales\/","title":{"rendered":"Mentions l\u00e9gales"},"content":{"rendered":"\t\t<div data-elementor-type=\"wp-page\" data-elementor-id=\"3518\" class=\"elementor elementor-3518\">\n\t\t\t\t\t\t<section class=\"elementor-section elementor-top-section elementor-element elementor-element-5d7cc5d elementor-hidden-tablet elementor-hidden-mobile elementor-section-boxed elementor-section-height-default elementor-section-height-default\" data-id=\"5d7cc5d\" data-element_type=\"section\" data-e-type=\"section\">\n\t\t\t\t\t\t<div class=\"elementor-container elementor-column-gap-default\">\n\t\t\t\t\t<div class=\"elementor-column elementor-col-100 elementor-top-column elementor-element elementor-element-3872181\" data-id=\"3872181\" data-element_type=\"column\" data-e-type=\"column\">\n\t\t\t<div class=\"elementor-widget-wrap elementor-element-populated\">\n\t\t\t\t\t\t<div class=\"elementor-element elementor-element-764d982 elementor-widget__width-initial elementor-widget elementor-widget-heading\" data-id=\"764d982\" data-element_type=\"widget\" data-e-type=\"widget\" data-widget_type=\"heading.default\">\n\t\t\t\t<div class=\"elementor-widget-container\">\n\t\t\t\t\t<h3 class=\"elementor-heading-title elementor-size-default\">H\u00e9bergement OVH\n<br><br>SAS au capital de 10 069 020 \u20ac\n<br>RCS Lille M\u00e9tropole 424 761 419 00045\n<br>Code APE 2620Z\n<br>N\u00b0 TVA : FR 22 424 761 419\n<br>Si\u00e8ge social : 2 rue Kellermann \u2013 59100 Roubaix \u2013 France <br>Directeur de la publication : Octave KLABA <br>Pr\u00e9sident : Henryk KLABA <br>Directeur g\u00e9n\u00e9ral : Miroslaw KLABA <br>Directeur g\u00e9n\u00e9ral d\u00e9l\u00e9gu\u00e9 : Octave KLABA <br>Directeur g\u00e9n\u00e9ral d\u00e9l\u00e9gu\u00e9 : Halina KLABA\n\n<br><br>Mentions l\u00e9gales site pulse-bezers.fr\n\n<br><br>Informations sur pulse-beziers.fr\n<br>email: contact@pulse-beziers.fr\n<br>Directeur de communication : Robert M\u00e9nard\n\n\n\n<br>Adresse :  39 BD DE VERDUN CS 30567 - 34536 B\u00c9ZIERS CEDEX\n\n<br><br>Conditions d\u2019utilisation du site Internet www.pulse-beziers.fr et pulse-beziers.fr<br><br><br>Le site et chacun des \u00e9l\u00e9ments, y compris mais sans limitation les marques, les logos, ic\u00f4nes, infographies, photographies, qui le composent sont prot\u00e9g\u00e9s au titre de la l\u00e9gislation internationale de la propri\u00e9t\u00e9 intellectuelle.\n\n<br><br>Les contenus figurant sur le site sont la propri\u00e9t\u00e9 de l'agglo de B\u00e9ziers ou d\u2019autres entreprises. Toute utilisation, reproduction ou repr\u00e9sentation, par quelque proc\u00e9d\u00e9 que ce soit, et sur quelque support que ce soit, de tout ou partie du site et\/ou des \u00e9l\u00e9ments qui le composent n\u2019est pas autoris\u00e9e sans le consentement expresse d\u2019OVH et de lagglo.fr\n\n<br><br>Traitement des donn\u00e9es personnelles\nToutes les donn\u00e9es personnelles qui seraient recueillies dans le formulaire de contact seront trait\u00e9es avec la plus stricte confidentialit\u00e9. Plus particuli\u00e8rement, les messages \u00e9lectroniques et les adresses \u00e9lectroniques ne seront conserv\u00e9s que la dur\u00e9e n\u00e9cessaire \u00e0 leur traitement.\n\n<br><br>Conform\u00e9ment \u00e0 la loi n\u00b078-17 du 6 janvier 1978 relative \u00e0 la protection des personnes physiques \u00e0 l\u2019\u00e9gard des traitements de donn\u00e9es \u00e0 caract\u00e8re personnel modifi\u00e9e par la loi n\u00b0 2004-801 du 6 ao\u00fbt 2004 (BOEM 160* et 722), la collecte, l\u2019enregistrement et la conservation automatis\u00e9s d\u2019informations nominatives s\u2019effectuent dans le cadre de la d\u00e9claration d\u2019un traitement d\u2019informations personnelles effectu\u00e9e aupr\u00e8s de la commission nationale de l\u2019informatique et des libert\u00e9s (CNIL). Le droit d\u2019acc\u00e8s, de modification, de rectification et de suppression de ces donn\u00e9es pr\u00e9vu s\u2019exerce, en justifiant de son identit\u00e9, par courriel, en utilisant le formulaire de contact .\n\n<br><br>Pour toute autre question, utilisez le formulaire de contact.<\/h3>\t\t\t\t<\/div>\n\t\t\t\t<\/div>\n\t\t\t\t\t<\/div>\n\t\t<\/div>\n\t\t\t\t\t<\/div>\n\t\t<\/section>\n\t\t\t\t<section class=\"elementor-section elementor-top-section elementor-element elementor-element-ab1e09b elementor-section-boxed elementor-section-height-default elementor-section-height-default\" data-id=\"ab1e09b\" data-element_type=\"section\" data-e-type=\"section\">\n\t\t\t\t\t\t<div class=\"elementor-container elementor-column-gap-default\">\n\t\t\t\t\t<div class=\"elementor-column elementor-col-100 elementor-top-column elementor-element elementor-element-f299ed5\" data-id=\"f299ed5\" data-element_type=\"column\" data-e-type=\"column\">\n\t\t\t<div class=\"elementor-widget-wrap elementor-element-populated\">\n\t\t\t\t\t\t<div class=\"elementor-element elementor-element-2aa077b elementor-widget__width-initial elementor-widget elementor-widget-heading\" data-id=\"2aa077b\" data-element_type=\"widget\" data-e-type=\"widget\" data-widget_type=\"heading.default\">\n\t\t\t\t<div class=\"elementor-widget-container\">\n\t\t\t\t\t<h3 class=\"elementor-heading-title elementor-size-default\"><a href=\"http:\/\/www.webservices34.fr\">Cr\u00e9ation du site internet Pulse B\u00e9ziers M\u00e9diterran\u00e9e par les webservices de peythieux Nicolas<\/a><\/h3>\t\t\t\t<\/div>\n\t\t\t\t<\/div>\n\t\t\t\t\t<\/div>\n\t\t<\/div>\n\t\t\t\t\t<\/div>\n\t\t<\/section>\n\t\t\t\t<\/div>\n\t\t","protected":false},"excerpt":{"rendered":"<p>H\u00e9bergement OVH SAS au capital de 10 069 020 \u20ac RCS Lille M\u00e9tropole 424 761 419 00045 Code APE 2620Z N\u00b0 TVA : FR 22 424 761 419 Si\u00e8ge social : 2 rue Kellermann \u2013 59100 Roubaix \u2013 France Directeur de la publication : Octave KLABA Pr\u00e9sident : Henryk KLABA Directeur g\u00e9n\u00e9ral : Miroslaw KLABA [&hellip;]<\/p>\n","protected":false},"author":1,"featured_media":0,"parent":0,"menu_order":0,"comment_status":"closed","ping_status":"closed","template":"","meta":{"footnotes":""},"class_list":["post-3518","page","type-page","status-publish","hentry"],"yoast_head":"<!-- This site is optimized with the Yoast SEO plugin v27.3 - https:\/\/yoast.com\/product\/yoast-seo-wordpress\/ -->\n<title>Mentions l\u00e9gales - PULSE<\/title>\n<meta name=\"robots\" content=\"index, follow, max-snippet:-1, max-image-preview:large, max-video-preview:-1\" \/>\n<link rel=\"canonical\" href=\"https:\/\/pulse-beziers.fr\/index.php\/mentions-legales\/\" \/>\n<meta property=\"og:locale\" content=\"fr_FR\" \/>\n<meta property=\"og:type\" content=\"article\" \/>\n<meta property=\"og:title\" content=\"Mentions l\u00e9gales - PULSE\" \/>\n<meta property=\"og:description\" content=\"H\u00e9bergement OVH SAS au capital de 10 069 020 \u20ac RCS Lille M\u00e9tropole 424 761 419 00045 Code APE 2620Z N\u00b0 TVA : FR 22 424 761 419 Si\u00e8ge social : 2 rue Kellermann \u2013 59100 Roubaix \u2013 France Directeur de la publication : Octave KLABA Pr\u00e9sident : Henryk KLABA Directeur g\u00e9n\u00e9ral : Miroslaw KLABA [&hellip;]\" \/>\n<meta property=\"og:url\" content=\"https:\/\/pulse-beziers.fr\/index.php\/mentions-legales\/\" \/>\n<meta property=\"og:site_name\" content=\"PULSE\" \/>\n<meta property=\"article:modified_time\" content=\"2024-12-02T08:48:52+00:00\" \/>\n<meta name=\"twitter:card\" content=\"summary_large_image\" \/>\n<meta name=\"twitter:label1\" content=\"Dur\u00e9e de lecture estim\u00e9e\" \/>\n\t<meta name=\"twitter:data1\" content=\"2 minutes\" \/>\n<script type=\"application\/ld+json\" class=\"yoast-schema-graph\">{\"@context\":\"https:\\\/\\\/schema.org\",\"@graph\":[{\"@type\":\"WebPage\",\"@id\":\"https:\\\/\\\/pulse-beziers.fr\\\/index.php\\\/mentions-legales\\\/\",\"url\":\"https:\\\/\\\/pulse-beziers.fr\\\/index.php\\\/mentions-legales\\\/\",\"name\":\"Mentions l\u00e9gales - PULSE\",\"isPartOf\":{\"@id\":\"https:\\\/\\\/pulse-beziers.fr\\\/#website\"},\"datePublished\":\"2023-11-09T13:40:19+00:00\",\"dateModified\":\"2024-12-02T08:48:52+00:00\",\"breadcrumb\":{\"@id\":\"https:\\\/\\\/pulse-beziers.fr\\\/index.php\\\/mentions-legales\\\/#breadcrumb\"},\"inLanguage\":\"fr-FR\",\"potentialAction\":[{\"@type\":\"ReadAction\",\"target\":[\"https:\\\/\\\/pulse-beziers.fr\\\/index.php\\\/mentions-legales\\\/\"]}]},{\"@type\":\"BreadcrumbList\",\"@id\":\"https:\\\/\\\/pulse-beziers.fr\\\/index.php\\\/mentions-legales\\\/#breadcrumb\",\"itemListElement\":[{\"@type\":\"ListItem\",\"position\":1,\"name\":\"Accueil\",\"item\":\"https:\\\/\\\/pulse-beziers.fr\\\/\"},{\"@type\":\"ListItem\",\"position\":2,\"name\":\"Mentions l\u00e9gales\"}]},{\"@type\":\"WebSite\",\"@id\":\"https:\\\/\\\/pulse-beziers.fr\\\/#website\",\"url\":\"https:\\\/\\\/pulse-beziers.fr\\\/\",\"name\":\"PULSE\",\"description\":\"B\u00e9ziers M\u00e9diterran\u00e9e\",\"publisher\":{\"@id\":\"https:\\\/\\\/pulse-beziers.fr\\\/#organization\"},\"potentialAction\":[{\"@type\":\"SearchAction\",\"target\":{\"@type\":\"EntryPoint\",\"urlTemplate\":\"https:\\\/\\\/pulse-beziers.fr\\\/?s={search_term_string}\"},\"query-input\":{\"@type\":\"PropertyValueSpecification\",\"valueRequired\":true,\"valueName\":\"search_term_string\"}}],\"inLanguage\":\"fr-FR\"},{\"@type\":\"Organization\",\"@id\":\"https:\\\/\\\/pulse-beziers.fr\\\/#organization\",\"name\":\"PULSE\",\"url\":\"https:\\\/\\\/pulse-beziers.fr\\\/\",\"logo\":{\"@type\":\"ImageObject\",\"inLanguage\":\"fr-FR\",\"@id\":\"https:\\\/\\\/pulse-beziers.fr\\\/#\\\/schema\\\/logo\\\/image\\\/\",\"url\":\"https:\\\/\\\/pulse-beziers.fr\\\/wp-content\\\/uploads\\\/2023\\\/10\\\/PULSE_OK.png\",\"contentUrl\":\"https:\\\/\\\/pulse-beziers.fr\\\/wp-content\\\/uploads\\\/2023\\\/10\\\/PULSE_OK.png\",\"width\":1490,\"height\":506,\"caption\":\"PULSE\"},\"image\":{\"@id\":\"https:\\\/\\\/pulse-beziers.fr\\\/#\\\/schema\\\/logo\\\/image\\\/\"}}]}<\/script>\n<!-- \/ Yoast SEO plugin. -->","yoast_head_json":{"title":"Mentions l\u00e9gales - PULSE","robots":{"index":"index","follow":"follow","max-snippet":"max-snippet:-1","max-image-preview":"max-image-preview:large","max-video-preview":"max-video-preview:-1"},"canonical":"https:\/\/pulse-beziers.fr\/index.php\/mentions-legales\/","og_locale":"fr_FR","og_type":"article","og_title":"Mentions l\u00e9gales - PULSE","og_description":"H\u00e9bergement OVH SAS au capital de 10 069 020 \u20ac RCS Lille M\u00e9tropole 424 761 419 00045 Code APE 2620Z N\u00b0 TVA : FR 22 424 761 419 Si\u00e8ge social : 2 rue Kellermann \u2013 59100 Roubaix \u2013 France Directeur de la publication : Octave KLABA Pr\u00e9sident : Henryk KLABA Directeur g\u00e9n\u00e9ral : Miroslaw KLABA [&hellip;]","og_url":"https:\/\/pulse-beziers.fr\/index.php\/mentions-legales\/","og_site_name":"PULSE","article_modified_time":"2024-12-02T08:48:52+00:00","twitter_card":"summary_large_image","twitter_misc":{"Dur\u00e9e de lecture estim\u00e9e":"2 minutes"},"schema":{"@context":"https:\/\/schema.org","@graph":[{"@type":"WebPage","@id":"https:\/\/pulse-beziers.fr\/index.php\/mentions-legales\/","url":"https:\/\/pulse-beziers.fr\/index.php\/mentions-legales\/","name":"Mentions l\u00e9gales - PULSE","isPartOf":{"@id":"https:\/\/pulse-beziers.fr\/#website"},"datePublished":"2023-11-09T13:40:19+00:00","dateModified":"2024-12-02T08:48:52+00:00","breadcrumb":{"@id":"https:\/\/pulse-beziers.fr\/index.php\/mentions-legales\/#breadcrumb"},"inLanguage":"fr-FR","potentialAction":[{"@type":"ReadAction","target":["https:\/\/pulse-beziers.fr\/index.php\/mentions-legales\/"]}]},{"@type":"BreadcrumbList","@id":"https:\/\/pulse-beziers.fr\/index.php\/mentions-legales\/#breadcrumb","itemListElement":[{"@type":"ListItem","position":1,"name":"Accueil","item":"https:\/\/pulse-beziers.fr\/"},{"@type":"ListItem","position":2,"name":"Mentions l\u00e9gales"}]},{"@type":"WebSite","@id":"https:\/\/pulse-beziers.fr\/#website","url":"https:\/\/pulse-beziers.fr\/","name":"PULSE","description":"B\u00e9ziers M\u00e9diterran\u00e9e","publisher":{"@id":"https:\/\/pulse-beziers.fr\/#organization"},"potentialAction":[{"@type":"SearchAction","target":{"@type":"EntryPoint","urlTemplate":"https:\/\/pulse-beziers.fr\/?s={search_term_string}"},"query-input":{"@type":"PropertyValueSpecification","valueRequired":true,"valueName":"search_term_string"}}],"inLanguage":"fr-FR"},{"@type":"Organization","@id":"https:\/\/pulse-beziers.fr\/#organization","name":"PULSE","url":"https:\/\/pulse-beziers.fr\/","logo":{"@type":"ImageObject","inLanguage":"fr-FR","@id":"https:\/\/pulse-beziers.fr\/#\/schema\/logo\/image\/","url":"https:\/\/pulse-beziers.fr\/wp-content\/uploads\/2023\/10\/PULSE_OK.png","contentUrl":"https:\/\/pulse-beziers.fr\/wp-content\/uploads\/2023\/10\/PULSE_OK.png","width":1490,"height":506,"caption":"PULSE"},"image":{"@id":"https:\/\/pulse-beziers.fr\/#\/schema\/logo\/image\/"}}]}},"jetpack_sharing_enabled":true,"_links":{"self":[{"href":"https:\/\/pulse-beziers.fr\/index.php\/wp-json\/wp\/v2\/pages\/3518","targetHints":{"allow":["GET"]}}],"collection":[{"href":"https:\/\/pulse-beziers.fr\/index.php\/wp-json\/wp\/v2\/pages"}],"about":[{"href":"https:\/\/pulse-beziers.fr\/index.php\/wp-json\/wp\/v2\/types\/page"}],"author":[{"embeddable":true,"href":"https:\/\/pulse-beziers.fr\/index.php\/wp-json\/wp\/v2\/users\/1"}],"replies":[{"embeddable":true,"href":"https:\/\/pulse-beziers.fr\/index.php\/wp-json\/wp\/v2\/comments?post=3518"}],"version-history":[{"count":22,"href":"https:\/\/pulse-beziers.fr\/index.php\/wp-json\/wp\/v2\/pages\/3518\/revisions"}],"predecessor-version":[{"id":6054,"href":"https:\/\/pulse-beziers.fr\/index.php\/wp-json\/wp\/v2\/pages\/3518\/revisions\/6054"}],"wp:attachment":[{"href":"https:\/\/pulse-beziers.fr\/index.php\/wp-json\/wp\/v2\/media?parent=3518"}],"curies":[{"name":"wp","href":"https:\/\/api.w.org\/{rel}","templated":true}]}}